{"id":5647,"date":"2020-10-02T16:31:51","date_gmt":"2020-10-02T16:31:51","guid":{"rendered":"https:\/\/www.xanderlawgroup.com\/proteccion-de-activos\/"},"modified":"2020-10-02T17:41:37","modified_gmt":"2020-10-02T17:41:37","slug":"proteccion-de-activos","status":"publish","type":"page","link":"https:\/\/www.xanderlawgroup.com\/es\/proteccion-de-activos\/","title":{"rendered":"Protecci\u00f3n de Activos"},"content":{"rendered":"<p>Como propietario de un negocio, usted est\u00e1 lleno de preocupaciones m\u00e1s que operar el negocio y obtener ganancias; pero, tambi\u00e9n con demandas legales y el potencial de perder sus activos ganados con tanto esfuerzo. Con todos los riesgos y dificultades que existen, la planificaci\u00f3n de protecci\u00f3n de activos es una herramienta para limitar los activos de los acreedores a sus activos. Los abogados de Xander Law Group en Miami especializado en protecci\u00f3n de activos est\u00e1n aqu\u00ed para ayudarlo y brindarle la tranquilidad de que sus activos est\u00e1n protegidos.<\/p>\n<p>Algunas t\u00e9cnicas que utilizan los abogados de protecci\u00f3n de activos de Xander Law Group en Miami son:<\/p>\n<ul>\n<li>Planificaci\u00f3n de Exenciones<\/li>\n<li>Seguro de Vida<\/li>\n<li>P\u00f3lizas de Seguro de Responsabilidad Civil<\/li>\n<li>Planes de Jubilaci\u00f3n Calificados<\/li>\n<li>Fideicomiso Matrimonial<\/li>\n<li>Sociedad Limitada Familiar<\/li>\n<\/ul>\n<p>La protecci\u00f3n de activos es una planificaci\u00f3n ampliamente utilizada para proteger los activos personales o empresariales de las reclamaciones de los acreedores. Mediante el uso de ciertas t\u00e9cnicas de planificaci\u00f3n, se puede limitar el acceso de los acreedores a ciertos activos valiosos, mientras se opera dentro de los l\u00edmites de la ley de deudores-acreedores y el C\u00f3digo de Impuestos Internos.<\/p>\n<p>Xander Law Group la firma de protecci\u00f3n de activos en Miami ayuda a individuos y empresas a lograr esto. Un plan s\u00f3lido de protecci\u00f3n de activos es imprescindible para limitar las responsabilidades y proteger los activos que significan m\u00e1s. . Ya sea para la planificaci\u00f3n del patrimonio o incluso en caso de bancarrota, el uso de t\u00e9cnicas de protecci\u00f3n de activos puede ahorrarle mucho dinero y estr\u00e9s al final. El m\u00e9todo m\u00e1s seguro para proteger sus activos es planificar con anticipaci\u00f3n y buscar la ayuda de un abogado calificado y con experiencia en la protecci\u00f3n de activos en Miami, Florida. El m\u00e9todo m\u00e1s seguro para proteger sus activos es planificar con anticipaci\u00f3n y buscar la ayuda de un abogado calificado y con experiencia en la protecci\u00f3n de activos en Miami, Florida.<\/p>\n<p>Comun\u00edquese con el abogado de protecci\u00f3n de activos en Miami Jason Weber para programar una consulta gratuita para conocer sus opciones legales. Jason Weber tiene la experiencia necesaria para manejar su caso. Llame hoy a Xander Law Group al (305) 767-2001 para todas sus necesidades de protecci\u00f3n de activos en Miami.<\/p>\n<p>Jason Weber, abogado de protecci\u00f3n de activos y Xander Law Group en Miami pueden ayudarlo durante todo el proceso. Xander Law Group trabajar\u00e1 con usted para garantizar que sus activos est\u00e9n protegidos.<\/p>\n<p>&nbsp;<\/p>\n","protected":false},"excerpt":{"rendered":"<p>Como propietario de un negocio, usted est\u00e1 lleno de preocupaciones m\u00e1s que operar el negocio y obtener ganancias; pero, tambi\u00e9n con demandas legales y el potencial de perder sus activos ganados con tanto esfuerzo. Con todos los riesgos y dificultades que existen, la planificaci\u00f3n de protecci\u00f3n de activos es una herramienta para limitar los activos&#8230; <\/p>\n<div class=\"clear\"><\/div>\n<p><a href=\"https:\/\/www.xanderlawgroup.com\/es\/proteccion-de-activos\/\" class=\"excerpt-read-more\">Lee mas<\/a><\/p>\n","protected":false},"author":2,"featured_media":5482,"parent":0,"menu_order":0,"comment_status":"closed","ping_status":"closed","template":"Practice-Template.php","meta":{"_acf_changed":false,"footnotes":""},"class_list":["post-5647","page","type-page","status-publish","has-post-thumbnail","hentry"],"acf":[],"yoast_head":"<!-- This site is optimized with the Yoast SEO plugin v26.2 - https:\/\/yoast.com\/wordpress\/plugins\/seo\/ -->\n<title>Protecci\u00f3n de Activos - Xander Law Group Business Litigation<\/title>\n<meta name=\"robots\" content=\"index, follow, max-snippet:-1, max-image-preview:large, max-video-preview:-1\" \/>\n<link rel=\"canonical\" href=\"https:\/\/www.xanderlawgroup.com\/es\/proteccion-de-activos\/\" \/>\n<meta property=\"og:locale\" content=\"es_ES\" \/>\n<meta property=\"og:type\" content=\"article\" \/>\n<meta property=\"og:title\" content=\"Protecci\u00f3n de Activos - Xander Law Group Business Litigation\" \/>\n<meta property=\"og:description\" content=\"Como propietario de un negocio, usted est\u00e1 lleno de preocupaciones m\u00e1s que operar el negocio y obtener ganancias; pero, tambi\u00e9n con demandas legales y el potencial de perder sus activos ganados con tanto esfuerzo. Con todos los riesgos y dificultades que existen, la planificaci\u00f3n de protecci\u00f3n de activos es una herramienta para limitar los activos... Lee mas\" \/>\n<meta property=\"og:url\" content=\"https:\/\/www.xanderlawgroup.com\/es\/proteccion-de-activos\/\" \/>\n<meta property=\"og:site_name\" content=\"Xander Law Group Business Litigation\" \/>\n<meta property=\"article:publisher\" content=\"https:\/\/www.facebook.com\/pages\/Xander-Law-Group-PA\/1414499645491521\" \/>\n<meta property=\"article:modified_time\" content=\"2020-10-02T17:41:37+00:00\" \/>\n<meta property=\"og:image\" content=\"https:\/\/www.xanderlawgroup.com\/wp-content\/uploads\/2016\/02\/assetprotection_ok.jpg\" \/>\n\t<meta property=\"og:image:width\" content=\"1180\" \/>\n\t<meta property=\"og:image:height\" content=\"810\" \/>\n\t<meta property=\"og:image:type\" content=\"image\/jpeg\" \/>\n<meta name=\"twitter:card\" content=\"summary_large_image\" \/>\n<meta name=\"twitter:label1\" content=\"Tiempo de lectura\" \/>\n\t<meta name=\"twitter:data1\" content=\"2 minutos\" \/>\n<!-- \/ Yoast SEO plugin. -->","yoast_head_json":{"title":"Protecci\u00f3n de Activos - Xander Law Group Business Litigation","robots":{"index":"index","follow":"follow","max-snippet":"max-snippet:-1","max-image-preview":"max-image-preview:large","max-video-preview":"max-video-preview:-1"},"canonical":"https:\/\/www.xanderlawgroup.com\/es\/proteccion-de-activos\/","og_locale":"es_ES","og_type":"article","og_title":"Protecci\u00f3n de Activos - Xander Law Group Business Litigation","og_description":"Como propietario de un negocio, usted est\u00e1 lleno de preocupaciones m\u00e1s que operar el negocio y obtener ganancias; pero, tambi\u00e9n con demandas legales y el potencial de perder sus activos ganados con tanto esfuerzo. Con todos los riesgos y dificultades que existen, la planificaci\u00f3n de protecci\u00f3n de activos es una herramienta para limitar los activos... Lee mas","og_url":"https:\/\/www.xanderlawgroup.com\/es\/proteccion-de-activos\/","og_site_name":"Xander Law Group Business Litigation","article_publisher":"https:\/\/www.facebook.com\/pages\/Xander-Law-Group-PA\/1414499645491521","article_modified_time":"2020-10-02T17:41:37+00:00","og_image":[{"width":1180,"height":810,"url":"https:\/\/www.xanderlawgroup.com\/wp-content\/uploads\/2016\/02\/assetprotection_ok.jpg","type":"image\/jpeg"}],"twitter_card":"summary_large_image","twitter_misc":{"Tiempo de lectura":"2 minutos"},"schema":{"@context":"https:\/\/schema.org","@graph":[{"@type":"WebPage","@id":"https:\/\/www.xanderlawgroup.com\/es\/proteccion-de-activos\/","url":"https:\/\/www.xanderlawgroup.com\/es\/proteccion-de-activos\/","name":"Protecci\u00f3n de Activos - Xander Law Group Business Litigation","isPartOf":{"@id":"https:\/\/www.xanderlawgroup.com\/#website"},"primaryImageOfPage":{"@id":"https:\/\/www.xanderlawgroup.com\/es\/proteccion-de-activos\/#primaryimage"},"image":{"@id":"https:\/\/www.xanderlawgroup.com\/es\/proteccion-de-activos\/#primaryimage"},"thumbnailUrl":"https:\/\/www.xanderlawgroup.com\/wp-content\/uploads\/2016\/02\/assetprotection_ok.jpg","datePublished":"2020-10-02T16:31:51+00:00","dateModified":"2020-10-02T17:41:37+00:00","breadcrumb":{"@id":"https:\/\/www.xanderlawgroup.com\/es\/proteccion-de-activos\/#breadcrumb"},"inLanguage":"es","potentialAction":[{"@type":"ReadAction","target":["https:\/\/www.xanderlawgroup.com\/es\/proteccion-de-activos\/"]}]},{"@type":"ImageObject","inLanguage":"es","@id":"https:\/\/www.xanderlawgroup.com\/es\/proteccion-de-activos\/#primaryimage","url":"https:\/\/www.xanderlawgroup.com\/wp-content\/uploads\/2016\/02\/assetprotection_ok.jpg","contentUrl":"https:\/\/www.xanderlawgroup.com\/wp-content\/uploads\/2016\/02\/assetprotection_ok.jpg","width":1180,"height":810},{"@type":"BreadcrumbList","@id":"https:\/\/www.xanderlawgroup.com\/es\/proteccion-de-activos\/#breadcrumb","itemListElement":[{"@type":"ListItem","position":1,"name":"Home","item":"https:\/\/www.xanderlawgroup.com\/es\/"},{"@type":"ListItem","position":2,"name":"Protecci\u00f3n de Activos"}]},{"@type":"WebSite","@id":"https:\/\/www.xanderlawgroup.com\/#website","url":"https:\/\/www.xanderlawgroup.com\/","name":"Xander Law Group Business Litigation","description":"Xander Law Group","publisher":{"@id":"https:\/\/www.xanderlawgroup.com\/#organization"},"potentialAction":[{"@type":"SearchAction","target":{"@type":"EntryPoint","urlTemplate":"https:\/\/www.xanderlawgroup.com\/?s={search_term_string}"},"query-input":{"@type":"PropertyValueSpecification","valueRequired":true,"valueName":"search_term_string"}}],"inLanguage":"es"},{"@type":"Organization","@id":"https:\/\/www.xanderlawgroup.com\/#organization","name":"Xander Law Group","url":"https:\/\/www.xanderlawgroup.com\/","logo":{"@type":"ImageObject","inLanguage":"es","@id":"https:\/\/www.xanderlawgroup.com\/#\/schema\/logo\/image\/","url":"https:\/\/www.xanderlawgroup.com\/wp-content\/uploads\/2016\/02\/logo_horizontal-03-2.png","contentUrl":"https:\/\/www.xanderlawgroup.com\/wp-content\/uploads\/2016\/02\/logo_horizontal-03-2.png","width":756,"height":133,"caption":"Xander Law Group"},"image":{"@id":"https:\/\/www.xanderlawgroup.com\/#\/schema\/logo\/image\/"},"sameAs":["https:\/\/www.facebook.com\/pages\/Xander-Law-Group-PA\/1414499645491521","https:\/\/www.linkedin.com\/company\/xander-law-group-p-a-"]}]}},"_links":{"self":[{"href":"https:\/\/www.xanderlawgroup.com\/es\/wp-json\/wp\/v2\/pages\/5647","targetHints":{"allow":["GET"]}}],"collection":[{"href":"https:\/\/www.xanderlawgroup.com\/es\/wp-json\/wp\/v2\/pages"}],"about":[{"href":"https:\/\/www.xanderlawgroup.com\/es\/wp-json\/wp\/v2\/types\/page"}],"author":[{"embeddable":true,"href":"https:\/\/www.xanderlawgroup.com\/es\/wp-json\/wp\/v2\/users\/2"}],"replies":[{"embeddable":true,"href":"https:\/\/www.xanderlawgroup.com\/es\/wp-json\/wp\/v2\/comments?post=5647"}],"version-history":[{"count":0,"href":"https:\/\/www.xanderlawgroup.com\/es\/wp-json\/wp\/v2\/pages\/5647\/revisions"}],"wp:featuredmedia":[{"embeddable":true,"href":"https:\/\/www.xanderlawgroup.com\/es\/wp-json\/wp\/v2\/media\/5482"}],"wp:attachment":[{"href":"https:\/\/www.xanderlawgroup.com\/es\/wp-json\/wp\/v2\/media?parent=5647"}],"curies":[{"name":"wp","href":"https:\/\/api.w.org\/{rel}","templated":true}]}}